{"id":575,"date":"2026-01-13T09:39:56","date_gmt":"2026-01-13T09:39:56","guid":{"rendered":"https:\/\/open.ipt.pt\/?page_id=575"},"modified":"2026-04-21T14:32:03","modified_gmt":"2026-04-21T14:32:03","slug":"microcredenciacoes","status":"publish","type":"page","link":"https:\/\/open.ipt.pt\/index.php\/microcredenciacoes\/","title":{"rendered":"Microcredencia\u00e7\u00f5es"},"content":{"rendered":"\n<div class=\"wp-block-cover alignfull is-light hero-capa\" style=\"padding-top:0px;padding-bottom:0px\"><img loading=\"lazy\" decoding=\"async\" width=\"1024\" height=\"354\" class=\"wp-block-cover__image-background wp-image-908 size-large\" alt=\"\" src=\"https:\/\/open.ipt.pt\/wp-content\/uploads\/2026\/04\/Microcredenciacoes_Banner_Novo-1024x354.png\" data-object-fit=\"cover\" srcset=\"https:\/\/open.ipt.pt\/wp-content\/uploads\/2026\/04\/Microcredenciacoes_Banner_Novo-1024x354.png 1024w, https:\/\/open.ipt.pt\/wp-content\/uploads\/2026\/04\/Microcredenciacoes_Banner_Novo-300x104.png 300w, https:\/\/open.ipt.pt\/wp-content\/uploads\/2026\/04\/Microcredenciacoes_Banner_Novo-768x265.png 768w, https:\/\/open.ipt.pt\/wp-content\/uploads\/2026\/04\/Microcredenciacoes_Banner_Novo.png 1187w\" sizes=\"auto, (max-width: 1024px) 100vw, 1024px\" \/><span aria-hidden=\"true\" class=\"wp-block-cover__background has-background-dim-0 has-background-dim\" style=\"background-color:#bccde3\"><\/span><div class=\"wp-block-cover__inner-container is-layout-flow wp-block-cover-is-layout-flow\">\n<h1 class=\"wp-block-heading has-text-align-left is-style-default has-contrast-color has-text-color has-link-color has-x-large-font-size wp-elements-8d07474a62930b7f2bfdc07728c49da0\" style=\"padding-top:0;padding-right:var(--wp--preset--spacing--70);padding-bottom:0;padding-left:var(--wp--preset--spacing--70)\"><strong>Microcredencia\u00e7\u00f5es<\/strong><\/h1>\n\n\n\n<p class=\"has-text-align-left is-style-default has-contrast-color has-text-color has-link-color wp-elements-ab726b0f9db16f24c5008f50bf2c62f0\" style=\"padding-right:var(--wp--preset--spacing--70);padding-left:var(--wp--preset--spacing--70)\">Desenvolva compet\u00eancias espec\u00edficas, de forma flex\u00edvel <br>e orientada para as necessidades do mercado<\/p>\n<\/div><\/div>\n\n\n\n<div class=\"wp-block-group alignfull has-global-padding is-layout-constrained wp-container-core-group-is-layout-190373c5 wp-block-group-is-layout-constrained\" style=\"margin-top:0;margin-bottom:0;padding-top:var(--wp--preset--spacing--50);padding-bottom:var(--wp--preset--spacing--50)\">\n<div class=\"wp-block-columns alignwide is-layout-flex wp-container-core-columns-is-layout-cdebebb7 wp-block-columns-is-layout-flex\" style=\"padding-top:0;padding-bottom:0\">\n<div class=\"wp-block-column card-curso is-layout-flow wp-container-core-column-is-layout-29f786c9 wp-block-column-is-layout-flow\" style=\"padding-top:var(--wp--preset--spacing--50)\">\n<figure class=\"wp-block-gallery has-nested-images columns-default is-cropped wp-block-gallery-1 is-layout-flex wp-block-gallery-is-layout-flex\">\n<figure class=\"wp-block-image size-full\"><a href=\"https:\/\/open.ipt.pt\/index.php\/2026\/01\/13\/modelacao-multidimensional-e-business-intelligence-bi\/\"><img loading=\"lazy\" decoding=\"async\" width=\"734\" height=\"416\" data-id=\"871\" src=\"https:\/\/open.ipt.pt\/wp-content\/uploads\/2026\/01\/Img_Nova_Modelacao_Multidimencional.jpg\" alt=\"\" class=\"wp-image-871\" srcset=\"https:\/\/open.ipt.pt\/wp-content\/uploads\/2026\/01\/Img_Nova_Modelacao_Multidimencional.jpg 734w, https:\/\/open.ipt.pt\/wp-content\/uploads\/2026\/01\/Img_Nova_Modelacao_Multidimencional-300x170.jpg 300w\" sizes=\"auto, (max-width: 734px) 100vw, 734px\" \/><\/a><\/figure>\n<\/figure>\n\n\n\n<div class=\"wp-block-group is-vertical is-layout-flex wp-container-core-group-is-layout-971a3e1f wp-block-group-is-layout-flex\" style=\"padding-top:var(--wp--preset--spacing--30)\">\n<h3 class=\"wp-block-heading\" style=\"padding-top:var(--wp--preset--spacing--20)\">Modela\u00e7\u00e3o Multidimensional e Business Intelligence (BI)<\/h3>\n\n\n\n<p class=\"has-accent-4-color has-text-color has-link-color has-medium-font-size wp-elements-53f81c08a19696eae457bf826233c064\">Ci\u00eancias e Tecnologia<\/p>\n\n\n\n<div class=\"wp-block-buttons is-layout-flex wp-block-buttons-is-layout-flex\">\n<div class=\"wp-block-button is-style-fill\"><a class=\"wp-block-button__link has-background wp-element-button\" href=\"https:\/\/open.ipt.pt\/index.php\/2026\/01\/13\/modelacao-multidimensional-e-business-intelligence-bi\/\" style=\"background:linear-gradient(135deg,rgb(12,65,219) 0%,rgb(63,154,201) 46%,rgb(102,171,52) 100%)\">Saiba mais<\/a><\/div>\n<\/div>\n<\/div>\n<\/div>\n\n\n\n<div class=\"wp-block-column card-curso is-layout-flow wp-container-core-column-is-layout-29f786c9 wp-block-column-is-layout-flow\" style=\"padding-top:var(--wp--preset--spacing--50)\">\n<figure class=\"wp-block-gallery has-nested-images columns-default is-cropped wp-block-gallery-2 is-layout-flex wp-block-gallery-is-layout-flex\">\n<figure class=\"wp-block-image size-full\"><a href=\"https:\/\/open.ipt.pt\/index.php\/2026\/01\/13\/apps-organizacionais-com-inteligencia-artificial\/\"><img loading=\"lazy\" decoding=\"async\" width=\"732\" height=\"416\" data-id=\"867\" src=\"https:\/\/open.ipt.pt\/wp-content\/uploads\/2026\/01\/Img_Nova_Apps_Organizacionais_IA.jpg\" alt=\"\" class=\"wp-image-867\" srcset=\"https:\/\/open.ipt.pt\/wp-content\/uploads\/2026\/01\/Img_Nova_Apps_Organizacionais_IA.jpg 732w, https:\/\/open.ipt.pt\/wp-content\/uploads\/2026\/01\/Img_Nova_Apps_Organizacionais_IA-300x170.jpg 300w\" sizes=\"auto, (max-width: 732px) 100vw, 732px\" \/><\/a><\/figure>\n<\/figure>\n\n\n\n<div class=\"wp-block-group is-vertical is-layout-flex wp-container-core-group-is-layout-971a3e1f wp-block-group-is-layout-flex\" style=\"padding-top:var(--wp--preset--spacing--30)\">\n<h3 class=\"wp-block-heading\" style=\"padding-top:var(--wp--preset--spacing--20)\">Apps Organizacionais com Intelig\u00eancia Artificial<\/h3>\n\n\n\n<p class=\"has-accent-4-color has-text-color has-link-color has-medium-font-size wp-elements-53f81c08a19696eae457bf826233c064\">Ci\u00eancias e Tecnologia<\/p>\n\n\n\n<div class=\"wp-block-buttons is-layout-flex wp-block-buttons-is-layout-flex\">\n<div class=\"wp-block-button is-style-fill\"><a class=\"wp-block-button__link has-background wp-element-button\" href=\"https:\/\/open.ipt.pt\/index.php\/2026\/01\/13\/apps-organizacionais-com-inteligencia-artificial\/\" style=\"background:linear-gradient(135deg,rgb(12,65,219) 0%,rgb(63,154,201) 46%,rgb(102,171,52) 100%)\">Saiba mais<\/a><\/div>\n<\/div>\n<\/div>\n<\/div>\n\n\n\n<div class=\"wp-block-column card-curso is-layout-flow wp-container-core-column-is-layout-29f786c9 wp-block-column-is-layout-flow\" style=\"padding-top:var(--wp--preset--spacing--50)\">\n<figure class=\"wp-block-image size-full\"><a href=\"https:\/\/open.ipt.pt\/index.php\/2026\/01\/13\/ciberseguranca-para-lideres-e-empreendedores\/\"><img loading=\"lazy\" decoding=\"async\" width=\"734\" height=\"416\" src=\"https:\/\/open.ipt.pt\/wp-content\/uploads\/2026\/01\/Img_Nova_Ciberseguranca.jpg\" alt=\"\" class=\"wp-image-868\" srcset=\"https:\/\/open.ipt.pt\/wp-content\/uploads\/2026\/01\/Img_Nova_Ciberseguranca.jpg 734w, https:\/\/open.ipt.pt\/wp-content\/uploads\/2026\/01\/Img_Nova_Ciberseguranca-300x170.jpg 300w\" sizes=\"auto, (max-width: 734px) 100vw, 734px\" \/><\/a><\/figure>\n\n\n\n<div class=\"wp-block-group is-vertical is-layout-flex wp-container-core-group-is-layout-971a3e1f wp-block-group-is-layout-flex\" style=\"padding-top:var(--wp--preset--spacing--30)\">\n<h3 class=\"wp-block-heading\" style=\"padding-top:var(--wp--preset--spacing--20)\">Ciberseguran\u00e7a para L\u00edderes e Empreendedores<\/h3>\n\n\n\n<p class=\"has-accent-4-color has-text-color has-link-color has-medium-font-size wp-elements-53f81c08a19696eae457bf826233c064\">Ci\u00eancias e Tecnologia<\/p>\n\n\n\n<div class=\"wp-block-buttons is-layout-flex wp-block-buttons-is-layout-flex\">\n<div class=\"wp-block-button is-style-fill\"><a class=\"wp-block-button__link has-background wp-element-button\" href=\"https:\/\/open.ipt.pt\/index.php\/2026\/01\/13\/ciberseguranca-para-lideres-e-empreendedores\/\" style=\"background:linear-gradient(135deg,rgb(12,65,219) 0%,rgb(63,154,201) 46%,rgb(102,171,52) 100%)\">Saiba mais<\/a><\/div>\n<\/div>\n<\/div>\n<\/div>\n<\/div>\n<\/div>\n\n\n\n<div class=\"wp-block-group alignfull has-global-padding is-layout-constrained wp-container-core-group-is-layout-190373c5 wp-block-group-is-layout-constrained\" style=\"margin-top:0;margin-bottom:0;padding-top:var(--wp--preset--spacing--50);padding-bottom:var(--wp--preset--spacing--50)\">\n<div class=\"wp-block-columns alignwide is-layout-flex wp-container-core-columns-is-layout-cdebebb7 wp-block-columns-is-layout-flex\" style=\"padding-top:0;padding-bottom:0\">\n<div class=\"wp-block-column card-curso is-layout-flow wp-container-core-column-is-layout-29f786c9 wp-block-column-is-layout-flow\" style=\"padding-top:var(--wp--preset--spacing--50)\">\n<div class=\"wp-block-group is-vertical is-layout-flex wp-container-core-group-is-layout-971a3e1f wp-block-group-is-layout-flex\" style=\"padding-top:var(--wp--preset--spacing--30)\">\n<h3 class=\"wp-block-heading\" style=\"padding-top:var(--wp--preset--spacing--20)\"><\/h3>\n\n\n\n<p class=\"has-accent-4-color has-text-color has-link-color has-medium-font-size wp-elements-e2ed4d9d430c56ae5712f3952aecf0b8\"><\/p>\n\n\n\n<div class=\"wp-block-buttons is-layout-flex wp-block-buttons-is-layout-flex\"><\/div>\n<\/div>\n<\/div>\n\n\n\n<div class=\"wp-block-column card-curso is-layout-flow wp-container-core-column-is-layout-29f786c9 wp-block-column-is-layout-flow\" style=\"padding-top:var(--wp--preset--spacing--50)\">\n<div class=\"wp-block-group is-vertical is-layout-flex wp-container-core-group-is-layout-971a3e1f wp-block-group-is-layout-flex\" style=\"padding-top:var(--wp--preset--spacing--30)\">\n<h3 class=\"wp-block-heading\" style=\"padding-top:var(--wp--preset--spacing--20)\"><\/h3>\n\n\n\n<p class=\"has-accent-4-color has-text-color has-link-color has-medium-font-size wp-elements-e2ed4d9d430c56ae5712f3952aecf0b8\"><\/p>\n\n\n\n<div class=\"wp-block-buttons is-layout-flex wp-block-buttons-is-layout-flex\"><\/div>\n<\/div>\n<\/div>\n\n\n\n<div class=\"wp-block-column card-curso is-layout-flow wp-container-core-column-is-layout-29f786c9 wp-block-column-is-layout-flow\" style=\"padding-top:var(--wp--preset--spacing--50)\">\n<div class=\"wp-block-group is-vertical is-layout-flex wp-container-core-group-is-layout-971a3e1f wp-block-group-is-layout-flex\" style=\"padding-top:var(--wp--preset--spacing--30)\">\n<h3 class=\"wp-block-heading\" style=\"padding-top:var(--wp--preset--spacing--20)\"><\/h3>\n\n\n\n<p class=\"has-accent-4-color has-text-color has-link-color has-medium-font-size wp-elements-e2ed4d9d430c56ae5712f3952aecf0b8\"><\/p>\n\n\n\n<div class=\"wp-block-buttons is-layout-flex wp-block-buttons-is-layout-flex\"><\/div>\n<\/div>\n<\/div>\n<\/div>\n<\/div>\n\n\n\n<div class=\"wp-block-group alignfull has-global-padding is-layout-constrained wp-container-core-group-is-layout-190373c5 wp-block-group-is-layout-constrained\" style=\"margin-top:0;margin-bottom:0;padding-top:var(--wp--preset--spacing--50);padding-bottom:var(--wp--preset--spacing--50)\">\n<div class=\"wp-block-columns alignwide is-layout-flex wp-container-core-columns-is-layout-cdebebb7 wp-block-columns-is-layout-flex\" style=\"padding-top:0;padding-bottom:0\">\n<div class=\"wp-block-column card-curso is-layout-flow wp-container-core-column-is-layout-29f786c9 wp-block-column-is-layout-flow\" style=\"padding-top:var(--wp--preset--spacing--50)\">\n<div class=\"wp-block-group is-vertical is-layout-flex wp-container-core-group-is-layout-971a3e1f wp-block-group-is-layout-flex\" style=\"padding-top:var(--wp--preset--spacing--30)\">\n<h3 class=\"wp-block-heading\" style=\"padding-top:var(--wp--preset--spacing--20)\"><\/h3>\n\n\n\n<p class=\"has-accent-4-color has-text-color has-link-color has-medium-font-size wp-elements-e2ed4d9d430c56ae5712f3952aecf0b8\"><\/p>\n\n\n\n<div class=\"wp-block-buttons is-layout-flex wp-block-buttons-is-layout-flex\"><\/div>\n<\/div>\n<\/div>\n\n\n\n<div class=\"wp-block-column card-curso is-layout-flow wp-container-core-column-is-layout-29f786c9 wp-block-column-is-layout-flow\" style=\"padding-top:var(--wp--preset--spacing--50)\">\n<div class=\"wp-block-group is-vertical is-layout-flex wp-container-core-group-is-layout-971a3e1f wp-block-group-is-layout-flex\" style=\"padding-top:var(--wp--preset--spacing--30)\">\n<h3 class=\"wp-block-heading\" style=\"padding-top:var(--wp--preset--spacing--20)\"><\/h3>\n\n\n\n<p class=\"has-accent-4-color has-text-color has-link-color has-medium-font-size wp-elements-e2ed4d9d430c56ae5712f3952aecf0b8\"><\/p>\n\n\n\n<div class=\"wp-block-buttons is-layout-flex wp-block-buttons-is-layout-flex\"><\/div>\n<\/div>\n<\/div>\n\n\n\n<div class=\"wp-block-column card-curso is-layout-flow wp-container-core-column-is-layout-29f786c9 wp-block-column-is-layout-flow\" style=\"padding-top:var(--wp--preset--spacing--50)\">\n<div class=\"wp-block-group is-vertical is-layout-flex wp-container-core-group-is-layout-971a3e1f wp-block-group-is-layout-flex\" style=\"padding-top:var(--wp--preset--spacing--30)\">\n<h3 class=\"wp-block-heading\" style=\"padding-top:var(--wp--preset--spacing--20)\"><\/h3>\n\n\n\n<p class=\"has-accent-4-color has-text-color has-link-color has-medium-font-size wp-elements-e2ed4d9d430c56ae5712f3952aecf0b8\"><\/p>\n\n\n\n<div class=\"wp-block-buttons is-layout-flex wp-block-buttons-is-layout-flex\"><\/div>\n<\/div>\n<\/div>\n<\/div>\n<\/div>\n\n\n\n<div class=\"wp-block-group alignfull has-global-padding is-layout-constrained wp-container-core-group-is-layout-190373c5 wp-block-group-is-layout-constrained\" style=\"margin-top:0;margin-bottom:0;padding-top:var(--wp--preset--spacing--50);padding-bottom:var(--wp--preset--spacing--50)\">\n<div class=\"wp-block-columns alignwide is-layout-flex wp-container-core-columns-is-layout-cdebebb7 wp-block-columns-is-layout-flex\" style=\"padding-top:0;padding-bottom:0\">\n<div class=\"wp-block-column card-curso is-layout-flow wp-container-core-column-is-layout-29f786c9 wp-block-column-is-layout-flow\" style=\"padding-top:var(--wp--preset--spacing--50)\">\n<div class=\"wp-block-group is-vertical is-layout-flex wp-container-core-group-is-layout-971a3e1f wp-block-group-is-layout-flex\" style=\"padding-top:var(--wp--preset--spacing--30)\">\n<h3 class=\"wp-block-heading\" style=\"padding-top:var(--wp--preset--spacing--20)\"><\/h3>\n\n\n\n<p class=\"has-accent-4-color has-text-color has-link-color has-medium-font-size wp-elements-e2ed4d9d430c56ae5712f3952aecf0b8\"><\/p>\n\n\n\n<div class=\"wp-block-buttons is-layout-flex wp-block-buttons-is-layout-flex\"><\/div>\n<\/div>\n<\/div>\n\n\n\n<div class=\"wp-block-column card-curso is-layout-flow wp-container-core-column-is-layout-29f786c9 wp-block-column-is-layout-flow\" style=\"padding-top:var(--wp--preset--spacing--50)\">\n<div class=\"wp-block-group is-vertical is-layout-flex wp-container-core-group-is-layout-971a3e1f wp-block-group-is-layout-flex\" style=\"padding-top:var(--wp--preset--spacing--30)\">\n<h3 class=\"wp-block-heading\" style=\"padding-top:var(--wp--preset--spacing--20)\"><\/h3>\n\n\n\n<p class=\"has-accent-4-color has-text-color has-link-color has-medium-font-size wp-elements-e2ed4d9d430c56ae5712f3952aecf0b8\"><\/p>\n\n\n\n<div class=\"wp-block-buttons is-layout-flex wp-block-buttons-is-layout-flex\"><\/div>\n<\/div>\n<\/div>\n\n\n\n<div class=\"wp-block-column card-curso is-layout-flow wp-container-core-column-is-layout-29f786c9 wp-block-column-is-layout-flow\" style=\"padding-top:var(--wp--preset--spacing--50)\">\n<div class=\"wp-block-group is-vertical is-layout-flex wp-container-core-group-is-layout-971a3e1f wp-block-group-is-layout-flex\" style=\"padding-top:var(--wp--preset--spacing--30)\">\n<h3 class=\"wp-block-heading\" style=\"padding-top:var(--wp--preset--spacing--20)\"><\/h3>\n\n\n\n<p class=\"has-accent-4-color has-text-color has-link-color has-medium-font-size wp-elements-e2ed4d9d430c56ae5712f3952aecf0b8\"><\/p>\n\n\n\n<div class=\"wp-block-buttons is-layout-flex wp-block-buttons-is-layout-flex\"><\/div>\n<\/div>\n<\/div>\n<\/div>\n<\/div>\n\n\n\n<p><\/p>\n","protected":false},"excerpt":{"rendered":"<p>Modela\u00e7\u00e3o Multidimensional e Business Intelligence (BI) Ci\u00eancias e Tecnologia Apps Organizacionais com Intelig\u00eancia Artificial Ci\u00eancias e Tecnologia Ciberseguran\u00e7a para L\u00edderes e Empreendedores Ci\u00eancias e Tecnologia<\/p>\n","protected":false},"author":5,"featured_media":0,"parent":0,"menu_order":0,"comment_status":"closed","ping_status":"closed","template":"","meta":{"footnotes":""},"class_list":["post-575","page","type-page","status-publish","hentry"],"_links":{"self":[{"href":"https:\/\/open.ipt.pt\/index.php\/wp-json\/wp\/v2\/pages\/575","targetHints":{"allow":["GET"]}}],"collection":[{"href":"https:\/\/open.ipt.pt\/index.php\/wp-json\/wp\/v2\/pages"}],"about":[{"href":"https:\/\/open.ipt.pt\/index.php\/wp-json\/wp\/v2\/types\/page"}],"author":[{"embeddable":true,"href":"https:\/\/open.ipt.pt\/index.php\/wp-json\/wp\/v2\/users\/5"}],"replies":[{"embeddable":true,"href":"https:\/\/open.ipt.pt\/index.php\/wp-json\/wp\/v2\/comments?post=575"}],"version-history":[{"count":21,"href":"https:\/\/open.ipt.pt\/index.php\/wp-json\/wp\/v2\/pages\/575\/revisions"}],"predecessor-version":[{"id":1056,"href":"https:\/\/open.ipt.pt\/index.php\/wp-json\/wp\/v2\/pages\/575\/revisions\/1056"}],"wp:attachment":[{"href":"https:\/\/open.ipt.pt\/index.php\/wp-json\/wp\/v2\/media?parent=575"}],"curies":[{"name":"wp","href":"https:\/\/api.w.org\/{rel}","templated":true}]}}