{"id":572,"date":"2026-01-13T09:31:10","date_gmt":"2026-01-13T09:31:10","guid":{"rendered":"https:\/\/open.ipt.pt\/?page_id=572"},"modified":"2026-04-21T11:41:17","modified_gmt":"2026-04-21T11:41:17","slug":"posgraduacoes","status":"publish","type":"page","link":"https:\/\/open.ipt.pt\/index.php\/posgraduacoes\/","title":{"rendered":"P\u00f3s-gradua\u00e7\u00f5es"},"content":{"rendered":"\n<div class=\"wp-block-cover alignfull is-light hero-capa\" style=\"padding-top:0px;padding-bottom:0px\"><img loading=\"lazy\" decoding=\"async\" width=\"1024\" height=\"343\" class=\"wp-block-cover__image-background wp-image-815 size-large\" alt=\"\" src=\"https:\/\/open.ipt.pt\/wp-content\/uploads\/2026\/01\/Banner_verde-1024x343.png\" data-object-fit=\"cover\" srcset=\"https:\/\/open.ipt.pt\/wp-content\/uploads\/2026\/01\/Banner_verde-1024x343.png 1024w, https:\/\/open.ipt.pt\/wp-content\/uploads\/2026\/01\/Banner_verde-300x101.png 300w, https:\/\/open.ipt.pt\/wp-content\/uploads\/2026\/01\/Banner_verde-768x258.png 768w, https:\/\/open.ipt.pt\/wp-content\/uploads\/2026\/01\/Banner_verde-1536x515.png 1536w, https:\/\/open.ipt.pt\/wp-content\/uploads\/2026\/01\/Banner_verde-2048x687.png 2048w\" sizes=\"auto, (max-width: 1024px) 100vw, 1024px\" \/><span aria-hidden=\"true\" class=\"wp-block-cover__background has-background-dim-0 has-background-dim\" style=\"background-color:#96ae98\"><\/span><div class=\"wp-block-cover__inner-container is-layout-flow wp-block-cover-is-layout-flow\">\n<h1 class=\"wp-block-heading has-text-align-left is-style-default has-contrast-color has-text-color has-link-color has-x-large-font-size wp-elements-51f8a2ff5d5c84e18b69043da58ee42b\" style=\"padding-top:0;padding-right:var(--wp--preset--spacing--70);padding-bottom:0;padding-left:var(--wp--preset--spacing--70)\"><strong>P\u00f3s-gradua\u00e7\u00f5es<\/strong><\/h1>\n\n\n\n<p class=\"has-text-align-left is-style-default has-contrast-color has-text-color has-link-color wp-elements-59a2ebd4ff2ec1f656505e0bffff35b3\" style=\"padding-right:var(--wp--preset--spacing--70);padding-left:var(--wp--preset--spacing--70)\">Aprofunde compet\u00eancias e reforce o seu perfil profissional<br>com forma\u00e7\u00e3o avan\u00e7ada e especializada<\/p>\n<\/div><\/div>\n\n\n\n<div class=\"wp-block-group alignfull has-global-padding is-layout-constrained wp-container-core-group-is-layout-190373c5 wp-block-group-is-layout-constrained\" style=\"margin-top:0;margin-bottom:0;padding-top:var(--wp--preset--spacing--50);padding-bottom:var(--wp--preset--spacing--50)\">\n<div class=\"wp-block-columns alignwide is-layout-flex wp-container-core-columns-is-layout-cdebebb7 wp-block-columns-is-layout-flex\" style=\"padding-top:0;padding-bottom:0\">\n<div class=\"wp-block-column card-curso is-layout-flow wp-container-core-column-is-layout-29f786c9 wp-block-column-is-layout-flow\" style=\"padding-top:var(--wp--preset--spacing--50)\">\n<figure class=\"wp-block-gallery has-nested-images columns-default is-cropped wp-block-gallery-1 is-layout-flex wp-block-gallery-is-layout-flex\">\n<figure class=\"wp-block-image size-full\"><a href=\"https:\/\/open.ipt.pt\/index.php\/2026\/01\/14\/marketing-digital-inteligencia-artificial-e-projetos-digitais\/\"><img loading=\"lazy\" decoding=\"async\" width=\"732\" height=\"416\" data-id=\"860\" src=\"https:\/\/open.ipt.pt\/wp-content\/uploads\/2026\/01\/Img_Nova_Marketing.jpg\" alt=\"\" class=\"wp-image-860\" srcset=\"https:\/\/open.ipt.pt\/wp-content\/uploads\/2026\/01\/Img_Nova_Marketing.jpg 732w, https:\/\/open.ipt.pt\/wp-content\/uploads\/2026\/01\/Img_Nova_Marketing-300x170.jpg 300w\" sizes=\"auto, (max-width: 732px) 100vw, 732px\" \/><\/a><\/figure>\n<\/figure>\n\n\n\n<div class=\"wp-block-group is-vertical is-layout-flex wp-container-core-group-is-layout-971a3e1f wp-block-group-is-layout-flex\" style=\"padding-top:var(--wp--preset--spacing--30)\">\n<h3 class=\"wp-block-heading\" style=\"padding-top:var(--wp--preset--spacing--20)\">Marketing Digital, Intelig\u00eancia Artificial e Projetos Digitais<\/h3>\n\n\n\n<p class=\"has-accent-4-color has-text-color has-link-color has-medium-font-size wp-elements-53f81c08a19696eae457bf826233c064\">Ci\u00eancias e Tecnologia<\/p>\n\n\n\n<div class=\"wp-block-buttons is-layout-flex wp-block-buttons-is-layout-flex\">\n<div class=\"wp-block-button is-style-fill\"><a class=\"wp-block-button__link has-background wp-element-button\" href=\"https:\/\/open.ipt.pt\/index.php\/2026\/01\/14\/marketing-digital-inteligencia-artificial-e-projetos-digitais\/\" style=\"background:linear-gradient(135deg,rgb(12,65,219) 0%,rgb(63,154,201) 46%,rgb(102,171,52) 100%)\">Saiba mais<\/a><\/div>\n<\/div>\n<\/div>\n<\/div>\n\n\n\n<div class=\"wp-block-column card-curso is-layout-flow wp-container-core-column-is-layout-29f786c9 wp-block-column-is-layout-flow\" style=\"padding-top:var(--wp--preset--spacing--50)\">\n<figure class=\"wp-block-gallery has-nested-images columns-default is-cropped wp-block-gallery-2 is-layout-flex wp-block-gallery-is-layout-flex\">\n<figure class=\"wp-block-image size-full\"><a href=\"https:\/\/open.ipt.pt\/index.php\/2026\/01\/19\/inovacao-e-transformacao-digital-nas-organizacoes\/\"><img loading=\"lazy\" decoding=\"async\" width=\"729\" height=\"413\" data-id=\"864\" src=\"https:\/\/open.ipt.pt\/wp-content\/uploads\/2026\/01\/Img_Inovacao_Transformacao_Organizacoes.jpg\" alt=\"\" class=\"wp-image-864\" srcset=\"https:\/\/open.ipt.pt\/wp-content\/uploads\/2026\/01\/Img_Inovacao_Transformacao_Organizacoes.jpg 729w, https:\/\/open.ipt.pt\/wp-content\/uploads\/2026\/01\/Img_Inovacao_Transformacao_Organizacoes-300x170.jpg 300w\" sizes=\"auto, (max-width: 729px) 100vw, 729px\" \/><\/a><\/figure>\n<\/figure>\n\n\n\n<div class=\"wp-block-group is-vertical is-layout-flex wp-container-core-group-is-layout-971a3e1f wp-block-group-is-layout-flex\" style=\"padding-top:var(--wp--preset--spacing--30)\">\n<h3 class=\"wp-block-heading\" style=\"padding-top:var(--wp--preset--spacing--20)\">Inova\u00e7\u00e3o e Transforma\u00e7\u00e3o Digital nas Organiza\u00e7\u00f5es<\/h3>\n\n\n\n<p class=\"has-accent-4-color has-text-color has-link-color has-medium-font-size wp-elements-53f81c08a19696eae457bf826233c064\">Ci\u00eancias e Tecnologia<\/p>\n\n\n\n<div class=\"wp-block-buttons is-layout-flex wp-block-buttons-is-layout-flex\">\n<div class=\"wp-block-button is-style-fill\"><a class=\"wp-block-button__link has-background wp-element-button\" href=\"https:\/\/open.ipt.pt\/index.php\/2026\/01\/19\/inovacao-e-transformacao-digital-nas-organizacoes\/\" style=\"background:linear-gradient(135deg,rgb(12,65,219) 0%,rgb(63,154,201) 46%,rgb(102,171,52) 100%)\">Saiba mais<\/a><\/div>\n<\/div>\n<\/div>\n<\/div>\n\n\n\n<div class=\"wp-block-column card-curso is-layout-flow wp-container-core-column-is-layout-29f786c9 wp-block-column-is-layout-flow\" style=\"padding-top:var(--wp--preset--spacing--50)\">\n<div class=\"wp-block-group is-vertical is-layout-flex wp-container-core-group-is-layout-971a3e1f wp-block-group-is-layout-flex\" style=\"padding-top:var(--wp--preset--spacing--30)\">\n<h3 class=\"wp-block-heading\" style=\"padding-top:var(--wp--preset--spacing--20)\"><\/h3>\n\n\n\n<p class=\"has-accent-4-color has-text-color has-link-color has-medium-font-size wp-elements-e2ed4d9d430c56ae5712f3952aecf0b8\"><\/p>\n\n\n\n<div class=\"wp-block-buttons is-layout-flex wp-block-buttons-is-layout-flex\"><\/div>\n<\/div>\n<\/div>\n<\/div>\n<\/div>\n\n\n\n\n\n\n\n<div class=\"wp-block-group alignfull has-global-padding is-layout-constrained wp-container-core-group-is-layout-190373c5 wp-block-group-is-layout-constrained\" style=\"margin-top:0;margin-bottom:0;padding-top:var(--wp--preset--spacing--50);padding-bottom:var(--wp--preset--spacing--50)\">\n<div class=\"wp-block-columns alignwide is-layout-flex wp-container-core-columns-is-layout-cdebebb7 wp-block-columns-is-layout-flex\" style=\"padding-top:0;padding-bottom:0\">\n<div class=\"wp-block-column card-curso is-layout-flow wp-container-core-column-is-layout-29f786c9 wp-block-column-is-layout-flow\" style=\"padding-top:var(--wp--preset--spacing--50)\">\n<div class=\"wp-block-group is-vertical is-layout-flex wp-container-core-group-is-layout-971a3e1f wp-block-group-is-layout-flex\" style=\"padding-top:var(--wp--preset--spacing--30)\">\n<h3 class=\"wp-block-heading\" style=\"padding-top:var(--wp--preset--spacing--20)\"><\/h3>\n\n\n\n<p class=\"has-accent-4-color has-text-color has-link-color has-medium-font-size wp-elements-e2ed4d9d430c56ae5712f3952aecf0b8\"><\/p>\n\n\n\n<div class=\"wp-block-buttons is-layout-flex wp-block-buttons-is-layout-flex\"><\/div>\n<\/div>\n<\/div>\n\n\n\n<div class=\"wp-block-column card-curso is-layout-flow wp-container-core-column-is-layout-29f786c9 wp-block-column-is-layout-flow\" style=\"padding-top:var(--wp--preset--spacing--50)\">\n<div class=\"wp-block-group is-vertical is-layout-flex wp-container-core-group-is-layout-971a3e1f wp-block-group-is-layout-flex\" style=\"padding-top:var(--wp--preset--spacing--30)\">\n<h3 class=\"wp-block-heading\" style=\"padding-top:var(--wp--preset--spacing--20)\"><\/h3>\n\n\n\n<p class=\"has-accent-4-color has-text-color has-link-color has-medium-font-size wp-elements-e2ed4d9d430c56ae5712f3952aecf0b8\"><\/p>\n\n\n\n<div class=\"wp-block-buttons is-layout-flex wp-block-buttons-is-layout-flex\"><\/div>\n<\/div>\n<\/div>\n\n\n\n<div class=\"wp-block-column card-curso is-layout-flow wp-container-core-column-is-layout-29f786c9 wp-block-column-is-layout-flow\" style=\"padding-top:var(--wp--preset--spacing--50)\">\n<div class=\"wp-block-group is-vertical is-layout-flex wp-container-core-group-is-layout-971a3e1f wp-block-group-is-layout-flex\" style=\"padding-top:var(--wp--preset--spacing--30)\">\n<h3 class=\"wp-block-heading\" style=\"padding-top:var(--wp--preset--spacing--20)\"><\/h3>\n\n\n\n<p class=\"has-accent-4-color has-text-color has-link-color has-medium-font-size wp-elements-e2ed4d9d430c56ae5712f3952aecf0b8\"><\/p>\n\n\n\n<div class=\"wp-block-buttons is-layout-flex wp-block-buttons-is-layout-flex\"><\/div>\n<\/div>\n<\/div>\n<\/div>\n<\/div>\n\n\n\n<p><\/p>\n","protected":false},"excerpt":{"rendered":"<p>Marketing Digital, Intelig\u00eancia Artificial e Projetos Digitais Ci\u00eancias e Tecnologia Inova\u00e7\u00e3o e Transforma\u00e7\u00e3o Digital nas Organiza\u00e7\u00f5es Ci\u00eancias e Tecnologia Compet\u00eancias do s\u00e9c. XXI para as pr\u00f3ximas gera\u00e7\u00f5es Ci\u00eancias e Tecnologia Introdu\u00e7\u00e3o \u00e0 Programa\u00e7\u00e3o: Conceitos Fundamentais Ci\u00eancias e Tecnologia Introdu\u00e7\u00e3o \u00e0 Programa\u00e7\u00e3o Ci\u00eancias e Tecnologia Introdu\u00e7\u00e3o ao HTML Ci\u00eancias e Tecnologia Introdu\u00e7\u00e3o \u00e0 Programa\u00e7\u00e3o Web Ci\u00eancias [&hellip;]<\/p>\n","protected":false},"author":5,"featured_media":0,"parent":0,"menu_order":0,"comment_status":"closed","ping_status":"closed","template":"","meta":{"footnotes":""},"class_list":["post-572","page","type-page","status-publish","hentry"],"_links":{"self":[{"href":"https:\/\/open.ipt.pt\/index.php\/wp-json\/wp\/v2\/pages\/572","targetHints":{"allow":["GET"]}}],"collection":[{"href":"https:\/\/open.ipt.pt\/index.php\/wp-json\/wp\/v2\/pages"}],"about":[{"href":"https:\/\/open.ipt.pt\/index.php\/wp-json\/wp\/v2\/types\/page"}],"author":[{"embeddable":true,"href":"https:\/\/open.ipt.pt\/index.php\/wp-json\/wp\/v2\/users\/5"}],"replies":[{"embeddable":true,"href":"https:\/\/open.ipt.pt\/index.php\/wp-json\/wp\/v2\/comments?post=572"}],"version-history":[{"count":18,"href":"https:\/\/open.ipt.pt\/index.php\/wp-json\/wp\/v2\/pages\/572\/revisions"}],"predecessor-version":[{"id":883,"href":"https:\/\/open.ipt.pt\/index.php\/wp-json\/wp\/v2\/pages\/572\/revisions\/883"}],"wp:attachment":[{"href":"https:\/\/open.ipt.pt\/index.php\/wp-json\/wp\/v2\/media?parent=572"}],"curies":[{"name":"wp","href":"https:\/\/api.w.org\/{rel}","templated":true}]}}